{"id":976,"date":"2016-03-10T11:18:29","date_gmt":"2016-03-10T11:18:29","guid":{"rendered":"http:\/\/www.lizards.pl\/de\/?page_id=976"},"modified":"2019-10-15T18:18:14","modified_gmt":"2019-10-15T18:18:14","slug":"strona-glowna","status":"publish","type":"page","link":"https:\/\/lizards.pl\/de\/","title":{"rendered":"Strona g\u0142\u00f3wna"},"content":{"rendered":"<p>[vc_row][vc_column width=&#8221;1\/3&#8243;][vc_single_image image=&#8221;1719&#8243; img_size=&#8221;full&#8221; alignment=&#8221;center&#8221; style=&#8221;vc_box_rounded&#8221; onclick=&#8221;img_link_large&#8221; css_animation=&#8221;zoomIn&#8221;][vc_empty_space height=&#8221;8px&#8221;][vc_single_image image=&#8221;168&#8243; img_size=&#8221;full&#8221; alignment=&#8221;center&#8221; style=&#8221;vc_box_rounded&#8221; image_hovers=&#8221;false&#8221;][vc_empty_space height=&#8221;8px&#8221;][vc_column_text]<\/p>\n<p style=\"text-align: justify;\"><strong>Lizards Sp z o.o. powsta\u0142a w\u00a02011\u00a0roku. G\u0142\u00f3wnym celem firmy jest dostarczenie na rynek profesjonalnego serwisu dla firm posiadaj\u0105cych w u\u017cytkowaniu wszelkiego rodzaju sprz\u0119t budowlany i rolniczy. Zapraszamy do wsp\u00f3\u0142pracy tych, dla kt\u00f3rych posiadanie do dyspozycji profesjonalnego serwisu pozwala na bezpieczne prowadzenie dzia\u0142alno\u015bci.<\/strong><\/p>\n<p>[\/vc_column_text][vc_empty_space height=&#8221;8px&#8221;][vc_column_text]<strong>Zakres us\u0142ug obejmuje ca\u0142\u0105 Polsk\u0119<\/strong><\/p>\n<p>Realizujemy<\/p>\n<ul>\n<li><strong>pojedyncze naprawy maszyn<\/strong><\/li>\n<li><strong>dostarczenie cz\u0119\u015bci zamiennych<\/strong><\/li>\n<li><strong>umowy abonamentowe na naprawy serwisowe<\/strong><\/li>\n<li><strong>kompleksow\u0105 obs\u0142ug\u0119 wszystkich maszyn mobilnych na budowie lub przedsi\u0119biorstwie.<\/strong><\/li>\n<\/ul>\n<p>Diagnostyka jest podstaw\u0105 w dba\u0142o\u015bci o d\u0142u\u017cszy okres eksploatacji maszyny. Posiadamy sprz\u0119t diagnostyczny wysokiej klasy, a tak\u017ce wiedz\u0119 potrzebn\u0105 do jego zastosowania. EDS EST PARKER<\/p>\n<p>Specjalizujemy si\u0119 w obs\u0142udze maszyn DITCHWITCH,FARESIN,CASE, NEW HOLLAND, O&amp;K, JCB, Yanmar<\/p>\n<p><strong>Zapraszamy do wsp\u00f3\u0142pracy !!!<\/strong>[\/vc_column_text][\/vc_column][vc_column width=&#8221;2\/3&#8243;][vc_empty_space height=&#8221;35px&#8221;]<div class=\"shortcode-banner shortcode-banner-link\" style=\"min-height: 60px;background-image: url(https:\/\/lizards.pl\/wp-content\/uploads\/2019\/09\/DW_Logo_2.jpg)\" onclick=\"window.open('http:\/\/www.lizards.pl\/wp-content\/uploads\/2019\/10\/wspolpraca_JLM_LIZARDS3.jpg');\"><div class=\"shortcode-banner-bg wf-table\" style=\"padding: 10px;min-height: 60px\"><div class=\"shortcode-banner-inside wf-table text-normal\" style=\"background-color: rgb(0,0,0);background-color: rgba(0,0,0,0.05);border: solid 10px transparent;outline: solid 10px;outline-color: #ffffff;height: 50px\"><div><p>&nbsp;<\/p>\n<p>&nbsp;<\/p>\n<p><span style=\"color: #ffcc00;\"><strong>WSP\u00d3\u0141PRACA\u00a0 JL MASKINER POLSKA I FIRMY LIZARDS W ZAKRESIE SERWISU MASZYN DITCH WITCH<\/strong><\/span><\/p>\n<\/div><\/div><\/div><\/div>[vc_empty_space height=&#8221;80px&#8221;]<div class=\"shortcode-banner shortcode-banner-link\" style=\"min-height: 280px;background-image: url(https:\/\/lizards.pl\/wp-content\/uploads\/2016\/03\/banner.jpg)\" onclick=\"window.open('http:\/\/lizards-sklep.pl\/');\"><div class=\"shortcode-banner-bg wf-table\" style=\"padding: 10px;min-height: 280px\"><div class=\"shortcode-banner-inside wf-table text-big\" style=\"background-color: rgb(0,0,0);background-color: rgba(0,0,0,0.05);border: solid 10px transparent;outline: solid 3px;outline-color: #ffffff;height: 270px\"><div><\/div><\/div><\/div><\/div>[vc_empty_space height=&#8221;12px&#8221;]<div class=\"dt-fancy-separator title-left h3-size accent-title-color\" style=\"width: 100%;\"><div class=\"dt-fancy-title\"><span class=\"separator-holder separator-left\"><\/span>Zam\u00f3w serwis<span class=\"separator-holder separator-right\"><\/span><\/div><\/div>[vc_single_image image=&#8221;136&#8243; img_size=&#8221;full&#8221; alignment=&#8221;center&#8221; onclick=&#8221;custom_link&#8221; image_hovers=&#8221;false&#8221; link=&#8221;http:\/\/www.lizards.pl\/oferta-serwisu\/zgloszenie-serwisowe\/&#8221;][vc_single_image image=&#8221;1576&#8243; img_size=&#8221;medium&#8221; onclick=&#8221;custom_link&#8221; img_link_target=&#8221;_blank&#8221; css_animation=&#8221;bounce&#8221; link=&#8221;http:\/\/allegro.pl\/listing\/user\/listing.php?us_id=24178241&amp;order=m&#8221;][\/vc_column][\/vc_row][vc_row][vc_column][\/vc_column][\/vc_row]<\/p>\n","protected":false},"excerpt":{"rendered":"<p>[vc_row][vc_column width=&#8221;1\/3&#8243;][vc_single_image image=&#8221;1719&#8243; img_size=&#8221;full&#8221; alignment=&#8221;center&#8221; style=&#8221;vc_box_rounded&#8221; onclick=&#8221;img_link_large&#8221; css_animation=&#8221;zoomIn&#8221;][vc_empty_space height=&#8221;8px&#8221;][vc_single_image image=&#8221;168&#8243; img_size=&#8221;full&#8221; alignment=&#8221;center&#8221; style=&#8221;vc_box_rounded&#8221; image_hovers=&#8221;false&#8221;][vc_empty_space height=&#8221;8px&#8221;][vc_column_text] Lizards Sp z o.o. powsta\u0142a w\u00a02011\u00a0roku. G\u0142\u00f3wnym celem firmy jest dostarczenie na rynek profesjonalnego serwisu dla firm posiadaj\u0105cych w u\u017cytkowaniu wszelkiego rodzaju sprz\u0119t budowlany i rolniczy. Zapraszamy do wsp\u00f3\u0142pracy tych, dla kt\u00f3rych posiadanie do dyspozycji profesjonalnego serwisu pozwala na bezpieczne&hellip;<\/p>\n","protected":false},"author":1,"featured_media":0,"parent":0,"menu_order":0,"comment_status":"open","ping_status":"closed","template":"","meta":[],"_links":{"self":[{"href":"https:\/\/lizards.pl\/de\/wp-json\/wp\/v2\/pages\/976"}],"collection":[{"href":"https:\/\/lizards.pl\/de\/wp-json\/wp\/v2\/pages"}],"about":[{"href":"https:\/\/lizards.pl\/de\/wp-json\/wp\/v2\/types\/page"}],"author":[{"embeddable":true,"href":"https:\/\/lizards.pl\/de\/wp-json\/wp\/v2\/users\/1"}],"replies":[{"embeddable":true,"href":"https:\/\/lizards.pl\/de\/wp-json\/wp\/v2\/comments?post=976"}],"version-history":[{"count":81,"href":"https:\/\/lizards.pl\/de\/wp-json\/wp\/v2\/pages\/976\/revisions"}],"predecessor-version":[{"id":2022,"href":"https:\/\/lizards.pl\/de\/wp-json\/wp\/v2\/pages\/976\/revisions\/2022"}],"wp:attachment":[{"href":"https:\/\/lizards.pl\/de\/wp-json\/wp\/v2\/media?parent=976"}],"curies":[{"name":"wp","href":"https:\/\/api.w.org\/{rel}","templated":true}]}}